{"id":671,"date":"2024-02-28T18:13:38","date_gmt":"2024-02-28T18:13:38","guid":{"rendered":"http:\/\/jg-celle.de\/?page_id=671"},"modified":"2024-02-28T18:13:38","modified_gmt":"2024-02-28T18:13:38","slug":"gottesdienste","status":"publish","type":"page","link":"https:\/\/jg-celle.de\/?page_id=671","title":{"rendered":"Gottesdienste"},"content":{"rendered":"\n<p><strong>Wir treffen uns regelm\u00e4\u00dfig<\/strong>, um Schabbat und Feiertage zu feiern. Unsere \u00f6rtliche Gemeinde besteht aus einer vielf\u00e4ltigen und aktiven Gruppe und wir freuen uns auf Ihren Besuch.<\/p>\n\n\n\n<p>Bitte kontaktieren Sie uns f\u00fcr weitere Informationen, wenn Sie an einem Besuch interessiert sind.<\/p>\n","protected":false},"excerpt":{"rendered":"<p>Wir treffen uns regelm\u00e4\u00dfig, um Schabbat und Feiertage zu feiern. Unsere \u00f6rtliche Gemeinde besteht aus einer vielf\u00e4ltigen und aktiven Gruppe und wir freuen uns auf Ihren Besuch. Bitte kontaktieren Sie uns f\u00fcr weitere Informationen, wenn Sie an einem Besuch interessiert sind.<\/p>\n","protected":false},"author":1,"featured_media":0,"parent":81,"menu_order":0,"comment_status":"closed","ping_status":"closed","template":"","meta":{"neve_meta_sidebar":"","neve_meta_container":"","neve_meta_enable_content_width":"","neve_meta_content_width":0,"neve_meta_title_alignment":"","neve_meta_author_avatar":"","neve_post_elements_order":"","neve_meta_disable_header":"","neve_meta_disable_footer":"","neve_meta_disable_title":"","footnotes":""},"class_list":["post-671","page","type-page","status-publish","hentry"],"_links":{"self":[{"href":"https:\/\/jg-celle.de\/index.php?rest_route=\/wp\/v2\/pages\/671","targetHints":{"allow":["GET"]}}],"collection":[{"href":"https:\/\/jg-celle.de\/index.php?rest_route=\/wp\/v2\/pages"}],"about":[{"href":"https:\/\/jg-celle.de\/index.php?rest_route=\/wp\/v2\/types\/page"}],"author":[{"embeddable":true,"href":"https:\/\/jg-celle.de\/index.php?rest_route=\/wp\/v2\/users\/1"}],"replies":[{"embeddable":true,"href":"https:\/\/jg-celle.de\/index.php?rest_route=%2Fwp%2Fv2%2Fcomments&post=671"}],"version-history":[{"count":1,"href":"https:\/\/jg-celle.de\/index.php?rest_route=\/wp\/v2\/pages\/671\/revisions"}],"predecessor-version":[{"id":672,"href":"https:\/\/jg-celle.de\/index.php?rest_route=\/wp\/v2\/pages\/671\/revisions\/672"}],"up":[{"embeddable":true,"href":"https:\/\/jg-celle.de\/index.php?rest_route=\/wp\/v2\/pages\/81"}],"wp:attachment":[{"href":"https:\/\/jg-celle.de\/index.php?rest_route=%2Fwp%2Fv2%2Fmedia&parent=671"}],"curies":[{"name":"wp","href":"https:\/\/api.w.org\/{rel}","templated":true}]}}