{"id":545,"date":"2020-12-31T21:56:21","date_gmt":"2020-12-31T21:56:21","guid":{"rendered":"http:\/\/jg-celle.de\/?page_id=545"},"modified":"2021-01-03T13:19:27","modified_gmt":"2021-01-03T13:19:27","slug":"kantorin","status":"publish","type":"page","link":"https:\/\/jg-celle.de\/?page_id=545","title":{"rendered":"Kantorin"},"content":{"rendered":"\n<p><strong>Kantorin Aviv Weinberg<\/strong> wurde in Israel geboren und lebt in Berlin. Als Kantorin ist sie europaweit t\u00e4tig. Sie ist die Kantorin der J\u00fcdischen Gemeinde Celle. Dar\u00fcber hinaus amtiert sie in der Reformgemeinde Beth Haskalah in Berlin und als \u201e<em>ministre-officiant associ\u00e9e<\/em>\u201c in\u00a0der liberalen Gemeinde in Esch-Sur-Alzette\/ Luxemburg. Kantorin Weinberg hatte das Privileg bei Kantoren und Kantorinnen wie Prof. Eliyahu Schleifer, Josee Wolf, Danny Maseng und Israel Goldstein in Deutschland, Israel und den USA zu studieren. Sie tritt zum Beispiel bei Veranstaltungen, wie dem Lewandowski Festival, der Verleihung des Abraham Geiger Preises, der Ordination von Rabbiner und Rabbinerinnen, der Investitur von Kantoren und Kantorinnen oder bei Hoch-zeiten, wie der des Prinzen von Preu\u00dfen auf. Seit 2013 engagiert sich im christlich-j\u00fcdischen Dialog. 2018 entstand ihre erste CD \u201eJazz goes Synagogue\u201c gemeinsam mit dem\u00a0<em>Albrecht-G\u00fcndel-vom-Hofe Ensemble<\/em>. Sie ist die Sopranistin im 2018 gegr\u00fcndeten Kantoren-Ensemble \u201e<em>Kolot<\/em>\u201c. Als Duo mit dem Pianisten Assaf Fleischmann ist sie auch im Kulturprogramm 2021 des Zentralrats der Juden in Deutschland vertreten. Neben ihrer musikalischen T\u00e4tigkeit ist 2020 ihr erstes Kinderbuch \u201e<em>Giraffi\u2019s Birthday<\/em>\u201c erschienen.\u00a0 Kantorin Weinberg ist sie Alumna des Stipendienprogramms des ELES (Ernst Ludwig Ehrlich Studienwerk) und schloss ihr Studium am Kantorenseminar des\u00a0<em>Abraham Geiger Kollegs<\/em>\u00a0und ihr Masterstudium an der\u00a0<em>School of Jewish Theology<\/em>\u00a0an der Universit\u00e4t Potsdam ab. Vor ihrem Studium in Deutschland, studierte sie an der\u00a0<em>Rubin Academy for Music and Dance<\/em>\u00a0in Jerusalem und schloss mit dem Bachelorabschluss (B.MUS) ab. Dar\u00fcber hinaus und studierte sie an der\u00a0<em>Rimon School for Jazz and Contemporary Music<\/em>\u00a0in Ramat Hasharon.<\/p>\n\n\n\n<figure class=\"wp-block-image size-large is-resized\"><a href=\"https:\/\/jg-celle.de\/wp-content\/uploads\/2021\/01\/DSC_4049x_WEB.jpg\"><img loading=\"lazy\" decoding=\"async\" src=\"https:\/\/jg-celle.de\/wp-content\/uploads\/2021\/01\/DSC_4049x_WEB-682x1024.jpg\" alt=\"\" class=\"wp-image-580\" width=\"529\" height=\"794\" srcset=\"https:\/\/jg-celle.de\/wp-content\/uploads\/2021\/01\/DSC_4049x_WEB-682x1024.jpg 682w, https:\/\/jg-celle.de\/wp-content\/uploads\/2021\/01\/DSC_4049x_WEB-768x1153.jpg 768w, https:\/\/jg-celle.de\/wp-content\/uploads\/2021\/01\/DSC_4049x_WEB.jpg 799w\" sizes=\"auto, (max-width: 529px) 100vw, 529px\" \/><\/a><figcaption>Kantorin Aviv Weinberg<\/figcaption><\/figure>\n\n\n\n<p><\/p>\n","protected":false},"excerpt":{"rendered":"<p>Kantorin Aviv Weinberg wurde in Israel geboren und lebt in Berlin. Als Kantorin ist sie europaweit t\u00e4tig. Sie ist die Kantorin der J\u00fcdischen Gemeinde Celle. Dar\u00fcber hinaus amtiert sie in der Reformgemeinde Beth Haskalah in Berlin und als \u201eministre-officiant associ\u00e9e\u201c in\u00a0der liberalen Gemeinde in Esch-Sur-Alzette\/ Luxemburg. Kantorin Weinberg hatte das Privileg bei Kantoren und Kantorinnen wie Prof. Eliyahu Schleifer, Josee Wolf, Danny Maseng und Israel Goldstein in Deutschland, Israel und den USA zu studieren. Sie tritt zum Beispiel bei Veranstaltungen, wie dem Lewandowski Festival, der Verleihung des Abraham Geiger Preises, der Ordination von Rabbiner und Rabbinerinnen, der Investitur von Kantoren und Kantorinnen oder bei Hoch-zeiten, wie der des Prinzen von&hellip;&nbsp;<a href=\"https:\/\/jg-celle.de\/?page_id=545\" rel=\"bookmark\"><span class=\"screen-reader-text\">Kantorin<\/span><\/a><\/p>\n","protected":false},"author":1,"featured_media":0,"parent":81,"menu_order":2,"comment_status":"closed","ping_status":"closed","template":"","meta":{"neve_meta_sidebar":"","neve_meta_container":"","neve_meta_enable_content_width":"","neve_meta_content_width":0,"neve_meta_title_alignment":"","neve_meta_author_avatar":"","neve_post_elements_order":"","neve_meta_disable_header":"","neve_meta_disable_footer":"","neve_meta_disable_title":"","footnotes":""},"class_list":["post-545","page","type-page","status-publish","hentry"],"_links":{"self":[{"href":"https:\/\/jg-celle.de\/index.php?rest_route=\/wp\/v2\/pages\/545","targetHints":{"allow":["GET"]}}],"collection":[{"href":"https:\/\/jg-celle.de\/index.php?rest_route=\/wp\/v2\/pages"}],"about":[{"href":"https:\/\/jg-celle.de\/index.php?rest_route=\/wp\/v2\/types\/page"}],"author":[{"embeddable":true,"href":"https:\/\/jg-celle.de\/index.php?rest_route=\/wp\/v2\/users\/1"}],"replies":[{"embeddable":true,"href":"https:\/\/jg-celle.de\/index.php?rest_route=%2Fwp%2Fv2%2Fcomments&post=545"}],"version-history":[{"count":5,"href":"https:\/\/jg-celle.de\/index.php?rest_route=\/wp\/v2\/pages\/545\/revisions"}],"predecessor-version":[{"id":589,"href":"https:\/\/jg-celle.de\/index.php?rest_route=\/wp\/v2\/pages\/545\/revisions\/589"}],"up":[{"embeddable":true,"href":"https:\/\/jg-celle.de\/index.php?rest_route=\/wp\/v2\/pages\/81"}],"wp:attachment":[{"href":"https:\/\/jg-celle.de\/index.php?rest_route=%2Fwp%2Fv2%2Fmedia&parent=545"}],"curies":[{"name":"wp","href":"https:\/\/api.w.org\/{rel}","templated":true}]}}