{"id":543,"date":"2020-12-31T21:55:52","date_gmt":"2020-12-31T21:55:52","guid":{"rendered":"http:\/\/jg-celle.de\/?page_id=543"},"modified":"2021-01-03T13:20:21","modified_gmt":"2021-01-03T13:20:21","slug":"rabbiner","status":"publish","type":"page","link":"https:\/\/jg-celle.de\/?page_id=543","title":{"rendered":"Rabbiner"},"content":{"rendered":"\n<div class=\"wp-block-columns is-layout-flex wp-container-core-columns-is-layout-9d6595d7 wp-block-columns-is-layout-flex\">\n<div class=\"wp-block-column is-layout-flow wp-block-column-is-layout-flow\" style=\"flex-basis:100%\">\n<div class=\"wp-block-group\"><div class=\"wp-block-group__inner-container is-layout-flow wp-block-group-is-layout-flow\">\n<p><strong>Rabbiner Maximilian<\/strong> <strong>Feldhake<\/strong> ist Absolvent des Abraham Geiger Kollegs. <br>Im Laufe seiner Rabbinerausbildung ist er in mehreren j\u00fcdischen Gemeinden als Rabbinatsstudent t\u00e4tig gewesen, u.a. in Bielefeld,&nbsp; Braunschweig, Wien, und Johannesburg.<br>Seine Masterarbeit hat er zum Thema &#8222;Das Milit\u00e4rrabbinat im 21. Jahrhundert geschrieben&#8220; und sein Ordinationsspruch lautet, &#8222;Nicht im Himmel ist&#8217;s&#8220; (Deuteronomium 30:12).&nbsp; <br>Im Kontext des interreligi\u00f6sen Dialogs sitzt er seit 2015 im Vorstand der Gesellschaft f\u00fcr Christlich-J\u00fcdische Zusammenarbeit in Potsdam. Rabbiner Feldhake ist seit 2018 als religi\u00f6ser Begleiter bei den Dialogpers-pektiven aktiv. Rabbiner Feldhake ist geb\u00fcrtiger Amerikaner und ist 2012 zwecks des Studiums am Abraham Geiger Kolleg nach Deutschland gekommen.<\/p>\n<\/div><\/div>\n<\/div>\n<\/div>\n\n\n\n<div class=\"wp-block-group\"><div class=\"wp-block-group__inner-container is-layout-flow wp-block-group-is-layout-flow\">\n<figure class=\"wp-block-image size-large\"><a href=\"https:\/\/jg-celle.de\/wp-content\/uploads\/2020\/12\/Max_Walter-Jacob-Portrait-scaled.jpg\"><img loading=\"lazy\" decoding=\"async\" width=\"1024\" height=\"683\" src=\"https:\/\/jg-celle.de\/wp-content\/uploads\/2020\/12\/Max_Walter-Jacob-Portrait-1024x683.jpg\" alt=\"\" class=\"wp-image-553\" srcset=\"https:\/\/jg-celle.de\/wp-content\/uploads\/2020\/12\/Max_Walter-Jacob-Portrait-1024x683.jpg 1024w, https:\/\/jg-celle.de\/wp-content\/uploads\/2020\/12\/Max_Walter-Jacob-Portrait-768x512.jpg 768w, https:\/\/jg-celle.de\/wp-content\/uploads\/2020\/12\/Max_Walter-Jacob-Portrait-1536x1024.jpg 1536w, https:\/\/jg-celle.de\/wp-content\/uploads\/2020\/12\/Max_Walter-Jacob-Portrait-2048x1365.jpg 2048w\" sizes=\"auto, (max-width: 1024px) 100vw, 1024px\" \/><\/a><figcaption>Rabbiner Maximilian Feldhake<\/figcaption><\/figure>\n<\/div><\/div>\n\n\n\n<p><\/p>\n","protected":false},"excerpt":{"rendered":"<p>Rabbiner Maximilian Feldhake ist Absolvent des Abraham Geiger Kollegs. Im Laufe seiner Rabbinerausbildung ist er in mehreren j\u00fcdischen Gemeinden als Rabbinatsstudent t\u00e4tig gewesen, u.a. in Bielefeld,&nbsp; Braunschweig, Wien, und Johannesburg.Seine Masterarbeit hat er zum Thema &#8222;Das Milit\u00e4rrabbinat im 21. Jahrhundert geschrieben&#8220; und sein Ordinationsspruch lautet, &#8222;Nicht im Himmel ist&#8217;s&#8220; (Deuteronomium 30:12).&nbsp; Im Kontext des interreligi\u00f6sen Dialogs sitzt er seit 2015 im Vorstand der Gesellschaft f\u00fcr Christlich-J\u00fcdische Zusammenarbeit in Potsdam. Rabbiner Feldhake ist seit 2018 als religi\u00f6ser Begleiter bei den Dialogpers-pektiven aktiv. Rabbiner Feldhake ist geb\u00fcrtiger Amerikaner und ist 2012 zwecks des Studiums am Abraham Geiger Kolleg nach Deutschland gekommen.<\/p>\n","protected":false},"author":1,"featured_media":0,"parent":81,"menu_order":1,"comment_status":"closed","ping_status":"closed","template":"","meta":{"neve_meta_sidebar":"","neve_meta_container":"","neve_meta_enable_content_width":"","neve_meta_content_width":0,"neve_meta_title_alignment":"","neve_meta_author_avatar":"","neve_post_elements_order":"","neve_meta_disable_header":"","neve_meta_disable_footer":"","neve_meta_disable_title":"","footnotes":""},"class_list":["post-543","page","type-page","status-publish","hentry"],"_links":{"self":[{"href":"https:\/\/jg-celle.de\/index.php?rest_route=\/wp\/v2\/pages\/543","targetHints":{"allow":["GET"]}}],"collection":[{"href":"https:\/\/jg-celle.de\/index.php?rest_route=\/wp\/v2\/pages"}],"about":[{"href":"https:\/\/jg-celle.de\/index.php?rest_route=\/wp\/v2\/types\/page"}],"author":[{"embeddable":true,"href":"https:\/\/jg-celle.de\/index.php?rest_route=\/wp\/v2\/users\/1"}],"replies":[{"embeddable":true,"href":"https:\/\/jg-celle.de\/index.php?rest_route=%2Fwp%2Fv2%2Fcomments&post=543"}],"version-history":[{"count":8,"href":"https:\/\/jg-celle.de\/index.php?rest_route=\/wp\/v2\/pages\/543\/revisions"}],"predecessor-version":[{"id":590,"href":"https:\/\/jg-celle.de\/index.php?rest_route=\/wp\/v2\/pages\/543\/revisions\/590"}],"up":[{"embeddable":true,"href":"https:\/\/jg-celle.de\/index.php?rest_route=\/wp\/v2\/pages\/81"}],"wp:attachment":[{"href":"https:\/\/jg-celle.de\/index.php?rest_route=%2Fwp%2Fv2%2Fmedia&parent=543"}],"curies":[{"name":"wp","href":"https:\/\/api.w.org\/{rel}","templated":true}]}}