{"id":537,"date":"2020-12-31T21:47:19","date_gmt":"2020-12-31T21:47:19","guid":{"rendered":"http:\/\/jg-celle.de\/?page_id=537"},"modified":"2020-12-31T21:48:16","modified_gmt":"2020-12-31T21:48:16","slug":"hebraeisch-lernen","status":"publish","type":"page","link":"https:\/\/jg-celle.de\/?page_id=537","title":{"rendered":"Hebr\u00e4isch lernen"},"content":{"rendered":"\n<div class=\"wp-block-group\"><div class=\"wp-block-group__inner-container is-layout-flow wp-block-group-is-layout-flow\">\n<div class=\"wp-block-group\"><div class=\"wp-block-group__inner-container is-layout-flow wp-block-group-is-layout-flow\">\n<h2 class=\"wp-block-heading\">Hebr\u00e4isch &#8211; Die Sprache des Judentums<br>Die Sprache der Bibel<br>Eine der \u00e4ltesten Sprachen der Welt<\/h2>\n\n\n\n<p>Sie interessieren sich f\u00fcr Israel?<br>Sie waren schon einmal dort?<br>Und haben sich in Land und Leute verliebt?<br>Oder wollen Sie das Land erst entdecken?<br>Die Bibel im Original lesen?<br>In kann es Ihnen beibringen!<br><br>F\u00fcr weitere Infos einfach eine Mail schreiben: <a href=\"mailto:post@hebraeisch-unterricht-hannover.de\"><span class=\"has-inline-color has-black-color\">post@hebraeisch-unterricht-hannover.de<\/span><\/a><\/p>\n<\/div><\/div>\n<\/div><\/div>\n\n\n\n<p><\/p>\n","protected":false},"excerpt":{"rendered":"<p>Hebr\u00e4isch &#8211; Die Sprache des JudentumsDie Sprache der BibelEine der \u00e4ltesten Sprachen der Welt Sie interessieren sich f\u00fcr Israel?Sie waren schon einmal dort?Und haben sich in Land und Leute verliebt?Oder wollen Sie das Land erst entdecken?Die Bibel im Original lesen?In kann es Ihnen beibringen! F\u00fcr weitere Infos einfach eine Mail schreiben: post@hebraeisch-unterricht-hannover.de<\/p>\n","protected":false},"author":1,"featured_media":0,"parent":0,"menu_order":6,"comment_status":"closed","ping_status":"closed","template":"","meta":{"neve_meta_sidebar":"","neve_meta_container":"","neve_meta_enable_content_width":"","neve_meta_content_width":0,"neve_meta_title_alignment":"","neve_meta_author_avatar":"","neve_post_elements_order":"","neve_meta_disable_header":"","neve_meta_disable_footer":"","neve_meta_disable_title":"","footnotes":""},"class_list":["post-537","page","type-page","status-publish","hentry"],"_links":{"self":[{"href":"https:\/\/jg-celle.de\/index.php?rest_route=\/wp\/v2\/pages\/537","targetHints":{"allow":["GET"]}}],"collection":[{"href":"https:\/\/jg-celle.de\/index.php?rest_route=\/wp\/v2\/pages"}],"about":[{"href":"https:\/\/jg-celle.de\/index.php?rest_route=\/wp\/v2\/types\/page"}],"author":[{"embeddable":true,"href":"https:\/\/jg-celle.de\/index.php?rest_route=\/wp\/v2\/users\/1"}],"replies":[{"embeddable":true,"href":"https:\/\/jg-celle.de\/index.php?rest_route=%2Fwp%2Fv2%2Fcomments&post=537"}],"version-history":[{"count":4,"href":"https:\/\/jg-celle.de\/index.php?rest_route=\/wp\/v2\/pages\/537\/revisions"}],"predecessor-version":[{"id":541,"href":"https:\/\/jg-celle.de\/index.php?rest_route=\/wp\/v2\/pages\/537\/revisions\/541"}],"wp:attachment":[{"href":"https:\/\/jg-celle.de\/index.php?rest_route=%2Fwp%2Fv2%2Fmedia&parent=537"}],"curies":[{"name":"wp","href":"https:\/\/api.w.org\/{rel}","templated":true}]}}