{"id":130,"date":"2017-07-24T08:07:00","date_gmt":"2017-07-24T08:07:00","guid":{"rendered":"http:\/\/jg-celle.de\/?page_id=130"},"modified":"2024-03-11T15:07:00","modified_gmt":"2024-03-11T15:07:00","slug":"startseite","status":"publish","type":"page","link":"https:\/\/jg-celle.de\/","title":{"rendered":"Aktuelles"},"content":{"rendered":"\n<figure class=\"wp-block-gallery has-nested-images columns-default is-cropped wp-block-gallery-1 is-layout-flex wp-block-gallery-is-layout-flex\">\n<figure class=\"wp-block-image size-large\"><a href=\"https:\/\/jg-celle.de\/wp-content\/uploads\/2024\/03\/pekudei_sefira-lightstone.webp\"><img loading=\"lazy\" decoding=\"async\" width=\"685\" height=\"373\" data-id=\"677\" src=\"https:\/\/jg-celle.de\/wp-content\/uploads\/2024\/03\/pekudei_sefira-lightstone.webp\" alt=\"\" class=\"wp-image-677\"\/><\/a><\/figure>\n<\/figure>\n\n\n\n<p>Die Parshat f\u00fcr diesen Adar II 6, 5784 (16. M\u00e4rz 2024) hei\u00dft: Pekudei<\/p>\n\n\n\n<p>Nachzulesen in Exodus: 38:21 &#8211; 40:38; Haftara: K\u00f6nigsb\u00fccher 1\u00a07:51-8:21<\/p>\n\n\n\n<p><\/p>\n\n\n\n<p><\/p>\n","protected":false},"excerpt":{"rendered":"<p>Die Parshat f\u00fcr diesen Adar II 6, 5784 (16. M\u00e4rz 2024) hei\u00dft: Pekudei Nachzulesen in Exodus: 38:21 &#8211; 40:38; Haftara: K\u00f6nigsb\u00fccher 1\u00a07:51-8:21<\/p>\n","protected":false},"author":1,"featured_media":0,"parent":0,"menu_order":1,"comment_status":"closed","ping_status":"closed","template":"","meta":{"neve_meta_sidebar":"","neve_meta_container":"","neve_meta_enable_content_width":"","neve_meta_content_width":0,"neve_meta_title_alignment":"","neve_meta_author_avatar":"","neve_post_elements_order":"","neve_meta_disable_header":"","neve_meta_disable_footer":"","neve_meta_disable_title":"","footnotes":""},"class_list":["post-130","page","type-page","status-publish","hentry"],"_links":{"self":[{"href":"https:\/\/jg-celle.de\/index.php?rest_route=\/wp\/v2\/pages\/130","targetHints":{"allow":["GET"]}}],"collection":[{"href":"https:\/\/jg-celle.de\/index.php?rest_route=\/wp\/v2\/pages"}],"about":[{"href":"https:\/\/jg-celle.de\/index.php?rest_route=\/wp\/v2\/types\/page"}],"author":[{"embeddable":true,"href":"https:\/\/jg-celle.de\/index.php?rest_route=\/wp\/v2\/users\/1"}],"replies":[{"embeddable":true,"href":"https:\/\/jg-celle.de\/index.php?rest_route=%2Fwp%2Fv2%2Fcomments&post=130"}],"version-history":[{"count":35,"href":"https:\/\/jg-celle.de\/index.php?rest_route=\/wp\/v2\/pages\/130\/revisions"}],"predecessor-version":[{"id":678,"href":"https:\/\/jg-celle.de\/index.php?rest_route=\/wp\/v2\/pages\/130\/revisions\/678"}],"wp:attachment":[{"href":"https:\/\/jg-celle.de\/index.php?rest_route=%2Fwp%2Fv2%2Fmedia&parent=130"}],"curies":[{"name":"wp","href":"https:\/\/api.w.org\/{rel}","templated":true}]}}