{"id":103,"date":"2017-07-23T15:03:11","date_gmt":"2017-07-23T15:03:11","guid":{"rendered":"http:\/\/jg-celle.de\/?page_id=103"},"modified":"2020-12-31T21:18:48","modified_gmt":"2020-12-31T21:18:48","slug":"kontakt-impressum","status":"publish","type":"page","link":"https:\/\/jg-celle.de\/?page_id=103","title":{"rendered":"Impressum"},"content":{"rendered":"\n<p><\/p>\n\n\n\n<p><strong>Impressum<\/strong><br><\/p>\n\n\n\n<p><strong>I. Name und Anschrift des Verantwortlichen<\/strong><br>J\u00fcdische Gemeinde Celle e.V.<br>Im Kreise 2429221 Celle<br>Telefon: 05141-740896<br>E-Mail: post@jg-celle.de<br><br><strong>Vertretungsberechtigt<\/strong><br>Dorit Schleinitz,1. Vorsitzende<br><br><strong>II. Kontaktdaten der Datenschutzbeauftragten<\/strong><br>Patrick Hahne<br>Tel.: 05141-740896<br>E-Mail:post@jg-celle.de<br><br><strong>III. Bereitstellung der Website und Erstellung von Logfiles<\/strong><br>Bei jedem Aufruf unserer Internetseite erfasst unser System automatisiert Daten und Informationen vom Computersystem des aufrufenden Rechners. Folgende Daten werden hierbei von unserem Provider, der Strato GmbH, erhoben:Kunden-Domain: Es wird erfasst, zu welcher Domain Log-Daten gespeichert werden. Das w\u00e4re also zum Beispiel \u201ejg-celle.de\u201c.Anonymisierte Client-IP: Um zu erkennen, von wo aus unsere Server gegebenenfalls angegriffen werden, werden IP-Adressen erhoben. Diese speichert der Provider branchen\u00fcblich maximal sieben Tage lang. Danach werden sie anonymisiert. Aus Datenschutzgr\u00fcnden kann die JGCjedoch die IP-Adressen in dem Logfile von Beginn an nur anonymisiert einsehen. Ein Beispiel: Aus 123.456.789.001 wird anon-123-456-165-41.invalid.Timestamp: Dahinter verbirgt sich die Angabe, an welchem Tag und zu welcher Uhrzeit der Besucher unsere Website aufgerufen hat.Request-Zeile: Dies ist der Pfad der Ziel-Adresse ohne die Domain. Wenn der Besucher auf ein Bild Deiner Website klickt, steckt dahinter die URL \u201eDeineWebsite.de\/bild.jpg\u201c. Die Request Zeile lautet dann \u201e\/bild.jpg\u201c.Status Code: Die Internet Assigned Numbers Authority hat eine Vielzahl an Status Codes definiert, die f\u00fcr die Fehleranalyse hilfreich sind: 200 bedeutet zum Beispiel OK \u2013hier konnte der Nutzer Deine Seite also fehlerfrei aufrufen.<br>Gr\u00f6\u00dfe des Response Bodies: Wenn der Besucher auf eine Website geht, l\u00e4dt er tempor\u00e4r Daten herunter. Das sind zum Beispiel die Bilder und Texte, die er in seinem Browser sieht. Die Log-Datei gibt an, wie gro\u00df diese Daten sind.Referer, der vom Client gesendet wurde: Dieses Feld gibt an, von welcher Seite der Besucher zu unserer Homepage gekommen ist.User Agent, der vom Client gesendet wurde: Hier findest man zum Beispiel Angaben zur Art und Version des Browser und dem Betriebssystem, das der Besucher nutzt.<br>Remote User: Im Normalfall bleibt diese Feld leer. Es werden hier nur dann Daten hierzu, wenn ein Anmeldeprozess durchgef\u00fchrt wird, der auf http-BasicAuth basiert. Bei unserem, auf Java-Script basierenden Anmeldeverfahren werden keine Nutzerdaten gespeichert und das Remote User-Feld bleibt leer.Die Daten werden in den Logfiles unseres Systems gespeichert. Eine Speicherung dieser Daten zusammen mit anderen personenbezogenen Daten des Nutzers findet nicht statt. Zweck der Datenspeicherung ist die technische Optimierung unserer Internetseite. Rechtsgrundlage f\u00fcr die vor\u00fcbergehende Speicherung der Daten ist Art. 6 Abs.1 lit.f DSGVO.Die Daten werden vom Provider f\u00fcr sieben Tage gespeichert. Die Daten werden danach anonymisiert und in dieser Form f\u00fcr sieben Wochen gespeichert. Sie werden lediglich statistisch ausgewertet. Der JGC, stehen die Daten in den Logfiles von Anfang an nur in anonymisierter Form f\u00fcr 8 Wochen zur Verf\u00fcgung. Eine Auswertung unsererseits erfolgt nicht.<br><strong><br>IV. Verwendung von Cookies<\/strong><br>Beim Aufruf unserer Seiten wird ein Session-Cookie gesetzt, das die Identit\u00e4t der Browser-Sitzung auf Ihrem Rechner festh\u00e4lt und nach Ende der Browser-Sitzung wieder von Ihrem Rechner gel\u00f6scht wird. Ein Cookie ist eine kleine Textdatei, die von Ihrem Browser auf Ihrem Rechner gespeichert wird. Die Verwendung des Session-Cookies erfolgt aus technischen Gr\u00fcnden und dient der Optimierung der Darstellung unserer Seiten in Ihrem Browser. Diese Information steht in sp\u00e4teren Browser-Sitzungen nicht mehr zur Verf\u00fcgung.Die durch diese Cookies verarbeiteten Daten sind f\u00fcr die genannten Zwecke zur Wahrung unserer berechtigten Interessen nach Art. 6 Abs. 1 S. 1 lit. f DSGVO erforderlich. Diese bestehen in einer technischen Optimierung der Bereitstellung unserer Internetseite.Es besteht die M\u00f6glichkeit, den Browser so einzustellen, dass keine Cookies gespeichert werden. In diesem Fall besteht allerdings die M\u00f6glichkeit, dass Sie nicht den vollen Funktionsumfang unserer Internetseiten nutzen k\u00f6nnen.<br><br><strong>V. Speicherung personenbezogener Daten bei Kontaktaufnahme<\/strong><br>Sofern Sie per E-Mail den Kontakt mit uns aufnehmen, werden die von Ihnen \u00fcbermittelten personenbezogenen Daten automatisch gespeichert. Diese Daten werden f\u00fcr Zwecke der Bearbeitung Ihres Anliegens und der Kontaktaufnahme mit Ihnen gespeichert.Die L\u00f6schung der Daten erfolgt, sobald deren Speicherung f\u00fcr die Bearbeitung Ihres Anliegens nicht mehr erforderlich ist.<br><br><strong>VI. Betroffenenrechte<\/strong><br>Sie k\u00f6nnen folgende Rechte geltend machen:<br><br><strong>Auskunft\/ Akteneinsicht<\/strong><br>Gem. Art. 15 DSGVO haben Sie das Recht, Auskunft bzw. Akteneinsicht \u00fcber die von uns verarbeiteten personenbezogenen Daten zu erhalten.<br><br><strong>Berichtigung<\/strong><br>Sind bei uns gespeicherte personenbezogene Daten unrichtig oder unvollst\u00e4ndig, haben Sie gem. Art. 16 DSGVO das Recht, diese berichtigen bzw. vervollst\u00e4ndigen zu lassen.<br><br><strong>L\u00f6schung<\/strong><br>Art. 17 DSGVO normiert das Recht auf L\u00f6schung personenbezogener Daten. Dieses Recht steht Ihnen insbesondere dann zu, wenn die Speicherung der personenbezogenen Daten zur Erf\u00fcllung unserer gesetzlichen Aufgaben nicht mehr erforderlich ist oder Sie Ihre Einwilligung zur Datenverarbeitung mit Wirkung f\u00fcr die Zukunft widerrufen haben.<br><br><strong>Einschr\u00e4nkung der Verarbeitung<\/strong><br>Gem. Art. 18 DSGVO k\u00f6nnen Sie die Einschr\u00e4nkung der personenbezogenen Daten verlangen, wenn<br>* die Richtigkeit der Daten von Ihnen bestritten wird <br>* die Verarbeitung unrechtm\u00e4\u00dfig ist, Sie aber deren L\u00f6schung ablehnen <br>*wir die Daten nicht mehr ben\u00f6tigen, Sie jedoch diese zur Geltendmachung, Aus\u00fcbung oder Verteidigung von Rechtsanspr\u00fcchen ben\u00f6tigen<br>*oder Sie gem\u00e4\u00df Art. 21 DSGVO Widerspruch gegen die Verarbeitung eingelegt haben.<br><br><strong>Widerspruch<\/strong><br>Sie k\u00f6nnen bei Gr\u00fcnden, die sich aus Ihrer besonderen Situation ergeben, ein Widerspruchsrecht geltend machen. Gem. Art. 21 DSGVO ist jedoch zu ber\u00fccksichtigten, ob schutzw\u00fcrdige Gr\u00fcnde f\u00fcr die Verarbeitung vorliegen oder die Verarbeitung der Geltendmachung, Aus\u00fcbung oder Verteidigung von Rechtsanspr\u00fcchen dient.<br><br><strong>Daten\u00fcbertragbarkeit<\/strong><br>Ist die Verarbeitung Ihrer Daten mit Hilfe eines automatisierten Verfahrens erfolgt, haben Sie gem. Art. 20 DSGVO das Recht, die Daten in einem g\u00e4ngigen und maschinenlesbaren Format zu erhalten und an eine andere Gemeinde zu \u00fcbermitteln bzw. durch uns \u00fcbermitteln zu lassen.<br><br><strong>Widerruf der Einwilligung<\/strong><br>Sie haben gem. Art. 7 Absatz 3 DSGVO das Recht, uns erteilte Einwilligungen jederzeit mit Wirkung f\u00fcr die Zukunft zu widerrufen.<br><br><strong>Beschwerde<\/strong><br> Art. 77 DSGVO normiert ein Beschwerderecht bei der Aufsichtsbeh\u00f6rde. Die f\u00fcr uns zust\u00e4ndige Aufsichtsbeh\u00f6rde ist die Landesbeauftragte f\u00fcr den Datenschutz Niedersachsen, Prinzenstra\u00dfe 5, 30159 Hannover. E-Mail: poststelle@lfd.niedersachsen.de<\/p>\n\n\n\n<p><strong>Haftung f\u00fcr Links<\/strong><br>Unser Angebot enth\u00e4lt Links zu externen Webseiten Dritter, auf deren Inhalte wir keinen Einfluss haben. Deshalb k\u00f6nnen wir f\u00fcr diese fremden Inhalte auch keine Gew\u00e4hr \u00fcbernehmen. F\u00fcr die Inhalte der verlinkten Seiten ist stets der jeweilige Anbieter oder Betreiber der Seiten verantwortlich. Die verlinkten Seiten wurden zum Zeitpunkt der Verlinkung auf m\u00f6gliche Rechtsverst\u00f6\u00dfe \u00fcberpr\u00fcft. Rechtswidrige Inhalte waren zum Zeitpunkt der Verlinkung nicht erkennbar. Eine permanente inhaltliche Kontrolle der verlinkten Seiten ist jedoch ohne konkrete Anhaltspunkte einer Rechtsverletzung nicht zumutbar.<\/p>\n\n\n\n<p><\/p>\n","protected":false},"excerpt":{"rendered":"<p>Impressum I. Name und Anschrift des VerantwortlichenJ\u00fcdische Gemeinde Celle e.V.Im Kreise 2429221 CelleTelefon: 05141-740896E-Mail: post@jg-celle.de VertretungsberechtigtDorit Schleinitz,1. Vorsitzende II. Kontaktdaten der DatenschutzbeauftragtenPatrick HahneTel.: 05141-740896E-Mail:post@jg-celle.de III. Bereitstellung der Website und Erstellung von LogfilesBei jedem Aufruf unserer Internetseite erfasst unser System automatisiert Daten und Informationen vom Computersystem des aufrufenden Rechners. Folgende Daten werden hierbei von unserem Provider, der Strato GmbH, erhoben:Kunden-Domain: Es wird erfasst, zu welcher Domain Log-Daten gespeichert werden. Das w\u00e4re also zum Beispiel \u201ejg-celle.de\u201c.Anonymisierte Client-IP: Um zu erkennen, von wo aus unsere Server gegebenenfalls angegriffen werden, werden IP-Adressen erhoben. Diese speichert der Provider branchen\u00fcblich maximal sieben Tage lang. Danach werden sie anonymisiert. Aus Datenschutzgr\u00fcnden kann die JGCjedoch die IP-Adressen in&hellip;&nbsp;<a href=\"https:\/\/jg-celle.de\/?page_id=103\" rel=\"bookmark\"><span class=\"screen-reader-text\">Impressum<\/span><\/a><\/p>\n","protected":false},"author":1,"featured_media":0,"parent":0,"menu_order":10,"comment_status":"closed","ping_status":"closed","template":"","meta":{"neve_meta_sidebar":"","neve_meta_container":"","neve_meta_enable_content_width":"","neve_meta_content_width":0,"neve_meta_title_alignment":"","neve_meta_author_avatar":"","neve_post_elements_order":"","neve_meta_disable_header":"","neve_meta_disable_footer":"","neve_meta_disable_title":"","footnotes":""},"class_list":["post-103","page","type-page","status-publish","hentry"],"_links":{"self":[{"href":"https:\/\/jg-celle.de\/index.php?rest_route=\/wp\/v2\/pages\/103","targetHints":{"allow":["GET"]}}],"collection":[{"href":"https:\/\/jg-celle.de\/index.php?rest_route=\/wp\/v2\/pages"}],"about":[{"href":"https:\/\/jg-celle.de\/index.php?rest_route=\/wp\/v2\/types\/page"}],"author":[{"embeddable":true,"href":"https:\/\/jg-celle.de\/index.php?rest_route=\/wp\/v2\/users\/1"}],"replies":[{"embeddable":true,"href":"https:\/\/jg-celle.de\/index.php?rest_route=%2Fwp%2Fv2%2Fcomments&post=103"}],"version-history":[{"count":12,"href":"https:\/\/jg-celle.de\/index.php?rest_route=\/wp\/v2\/pages\/103\/revisions"}],"predecessor-version":[{"id":547,"href":"https:\/\/jg-celle.de\/index.php?rest_route=\/wp\/v2\/pages\/103\/revisions\/547"}],"wp:attachment":[{"href":"https:\/\/jg-celle.de\/index.php?rest_route=%2Fwp%2Fv2%2Fmedia&parent=103"}],"curies":[{"name":"wp","href":"https:\/\/api.w.org\/{rel}","templated":true}]}}